{"id":2913,"date":"2019-12-05T14:15:30","date_gmt":"2019-12-05T13:15:30","guid":{"rendered":"https:\/\/www.maisondesetudiantslyon.fr\/?page_id=2913"},"modified":"2024-02-23T12:04:20","modified_gmt":"2024-02-23T11:04:20","slug":"useful-informations","status":"publish","type":"page","link":"https:\/\/www.maisondesetudiantslyon.fr\/en\/useful-informations\/","title":{"rendered":"Useful informations"},"content":{"rendered":"<h2 class=\"wp-block-heading\">Caisse d'allocation familiales<\/h2><p>To simulate an online help request and apply for benefits<\/p><div class=\"wp-block-button js-fade-scroll\">\n\n    <a href=\"http:\/\/www.caf.fr\/\" target=\"_blank\" title=\"CAF\" class=\"button primary\">CAF<\/a>\n\n  <\/div><p><\/p><h2 class=\"wp-block-heading\">Assurance S\u00e9curit\u00e9 sociale<\/h2><p>For international students, remember to register on the ameli website dedicated to welcoming foreign students in order to benefit from the coverage of your health expenses upon your arrival in France.<\/p><div class=\"wp-block-button js-fade-scroll\">\n\n    <a href=\"http:\/\/Vous venez entreprendre ou poursuivre vos \u00e9tudes en France ? Inscrivez-vous sur le site d\u00e9di\u00e9 \u00e0 l\u2019accueil des \u00e9tudiants, afin de b\u00e9n\u00e9ficier de la prise en charge de vos frais de sant\u00e9 \u00e0 votre arriv\u00e9e en France.\" target=\"\" title=\"S\u00e9curit\u00e9 sociale international student\" class=\"button primary\">S\u00e9curit\u00e9 sociale international student<\/a>\n\n  <\/div>","protected":false},"excerpt":{"rendered":"<p>Caisse d&#8217;allocation familialesTo simulate an online help request and apply for benefitsAssurance S\u00e9curit\u00e9 socialeFor international students, remember to register on the ameli website dedicated [&hellip;]<\/p>\n","protected":false},"author":77,"featured_media":1490,"parent":0,"menu_order":0,"comment_status":"closed","ping_status":"closed","template":"","meta":{"_acf_changed":false,"footnotes":""},"class_list":["post-2913","page","type-page","status-publish","has-post-thumbnail","hentry"],"acf":[],"yoast_head":"<!-- This site is optimized with the Yoast SEO plugin v24.1 - https:\/\/yoast.com\/wordpress\/plugins\/seo\/ -->\n<title>Useful informations - Maison des \u00e9tudiants<\/title>\n<meta name=\"robots\" content=\"index, follow, max-snippet:-1, max-image-preview:large, max-video-preview:-1\" \/>\n<link rel=\"canonical\" href=\"https:\/\/www.maisondesetudiantslyon.fr\/en\/useful-informations\/\" \/>\n<meta property=\"og:locale\" content=\"en_US\" \/>\n<meta property=\"og:type\" content=\"article\" \/>\n<meta property=\"og:title\" content=\"Useful informations - Maison des \u00e9tudiants\" \/>\n<meta property=\"og:description\" content=\"Caisse d&#039;allocation familialesTo simulate an online help request and apply for benefitsAssurance S\u00e9curit\u00e9 socialeFor international students, remember to register on the ameli website dedicated [&hellip;]\" \/>\n<meta property=\"og:url\" content=\"https:\/\/www.maisondesetudiantslyon.fr\/en\/useful-informations\/\" \/>\n<meta property=\"og:site_name\" content=\"Maison des \u00e9tudiants\" \/>\n<meta property=\"article:modified_time\" content=\"2024-02-23T11:04:20+00:00\" \/>\n<meta property=\"og:image\" content=\"https:\/\/www.maisondesetudiantslyon.fr\/wp-content\/uploads\/sites\/29\/2019\/11\/mde-ucly-maison-saint-laurent-ext-136-1920x576.jpg\" \/>\n\t<meta property=\"og:image:width\" content=\"5000\" \/>\n\t<meta property=\"og:image:height\" content=\"1497\" \/>\n\t<meta property=\"og:image:type\" content=\"image\/jpeg\" \/>\n<meta name=\"twitter:card\" content=\"summary_large_image\" \/>\n<meta name=\"twitter:label1\" content=\"Est. reading time\" \/>\n\t<meta name=\"twitter:data1\" content=\"1 minute\" \/>\n<script type=\"application\/ld+json\" class=\"yoast-schema-graph\">{\"@context\":\"https:\/\/schema.org\",\"@graph\":[{\"@type\":\"WebPage\",\"@id\":\"https:\/\/www.maisondesetudiantslyon.fr\/en\/useful-informations\/\",\"url\":\"https:\/\/www.maisondesetudiantslyon.fr\/en\/useful-informations\/\",\"name\":\"Useful informations - Maison des \u00e9tudiants\",\"isPartOf\":{\"@id\":\"https:\/\/www.maisondesetudiantslyon.fr\/en\/#website\"},\"primaryImageOfPage\":{\"@id\":\"https:\/\/www.maisondesetudiantslyon.fr\/en\/useful-informations\/#primaryimage\"},\"image\":{\"@id\":\"https:\/\/www.maisondesetudiantslyon.fr\/en\/useful-informations\/#primaryimage\"},\"thumbnailUrl\":\"https:\/\/www.maisondesetudiantslyon.fr\/wp-content\/uploads\/sites\/29\/2019\/11\/mde-ucly-maison-saint-laurent-ext-136-1920x576.jpg\",\"datePublished\":\"2019-12-05T13:15:30+00:00\",\"dateModified\":\"2024-02-23T11:04:20+00:00\",\"breadcrumb\":{\"@id\":\"https:\/\/www.maisondesetudiantslyon.fr\/en\/useful-informations\/#breadcrumb\"},\"inLanguage\":\"en-US\",\"potentialAction\":[{\"@type\":\"ReadAction\",\"target\":[\"https:\/\/www.maisondesetudiantslyon.fr\/en\/useful-informations\/\"]}]},{\"@type\":\"ImageObject\",\"inLanguage\":\"en-US\",\"@id\":\"https:\/\/www.maisondesetudiantslyon.fr\/en\/useful-informations\/#primaryimage\",\"url\":\"https:\/\/www.maisondesetudiantslyon.fr\/wp-content\/uploads\/sites\/29\/2019\/11\/mde-ucly-maison-saint-laurent-ext-136-1920x576.jpg\",\"contentUrl\":\"https:\/\/www.maisondesetudiantslyon.fr\/wp-content\/uploads\/sites\/29\/2019\/11\/mde-ucly-maison-saint-laurent-ext-136-1920x576.jpg\",\"width\":5000,\"height\":1497},{\"@type\":\"BreadcrumbList\",\"@id\":\"https:\/\/www.maisondesetudiantslyon.fr\/en\/useful-informations\/#breadcrumb\",\"itemListElement\":[{\"@type\":\"ListItem\",\"position\":1,\"name\":\"Accueil\",\"item\":\"https:\/\/www.maisondesetudiantslyon.fr\/en\/\"},{\"@type\":\"ListItem\",\"position\":2,\"name\":\"Useful informations\"}]},{\"@type\":\"WebSite\",\"@id\":\"https:\/\/www.maisondesetudiantslyon.fr\/en\/#website\",\"url\":\"https:\/\/www.maisondesetudiantslyon.fr\/en\/\",\"name\":\"Maison des \u00e9tudiants\",\"description\":\"Un site utilisant Administration r\u00e9seau web UCLy\",\"publisher\":{\"@id\":\"https:\/\/www.maisondesetudiantslyon.fr\/en\/#organization\"},\"potentialAction\":[{\"@type\":\"SearchAction\",\"target\":{\"@type\":\"EntryPoint\",\"urlTemplate\":\"https:\/\/www.maisondesetudiantslyon.fr\/en\/?s={search_term_string}\"},\"query-input\":{\"@type\":\"PropertyValueSpecification\",\"valueRequired\":true,\"valueName\":\"search_term_string\"}}],\"inLanguage\":\"en-US\"},{\"@type\":\"Organization\",\"@id\":\"https:\/\/www.maisondesetudiantslyon.fr\/en\/#organization\",\"name\":\"Maison des \u00e9tudiants\",\"url\":\"https:\/\/www.maisondesetudiantslyon.fr\/en\/\",\"logo\":{\"@type\":\"ImageObject\",\"inLanguage\":\"en-US\",\"@id\":\"https:\/\/www.maisondesetudiantslyon.fr\/en\/#\/schema\/logo\/image\/\",\"url\":\"https:\/\/www.maisondesetudiantslyon.fr\/wp-content\/uploads\/sites\/29\/2019\/11\/maisondesetudiants.svg\",\"contentUrl\":\"https:\/\/www.maisondesetudiantslyon.fr\/wp-content\/uploads\/sites\/29\/2019\/11\/maisondesetudiants.svg\",\"caption\":\"Maison des \u00e9tudiants\"},\"image\":{\"@id\":\"https:\/\/www.maisondesetudiantslyon.fr\/en\/#\/schema\/logo\/image\/\"}}]}<\/script>\n<!-- \/ Yoast SEO plugin. -->","yoast_head_json":{"title":"Useful informations - Maison des \u00e9tudiants","robots":{"index":"index","follow":"follow","max-snippet":"max-snippet:-1","max-image-preview":"max-image-preview:large","max-video-preview":"max-video-preview:-1"},"canonical":"https:\/\/www.maisondesetudiantslyon.fr\/en\/useful-informations\/","og_locale":"en_US","og_type":"article","og_title":"Useful informations - Maison des \u00e9tudiants","og_description":"Caisse d'allocation familialesTo simulate an online help request and apply for benefitsAssurance S\u00e9curit\u00e9 socialeFor international students, remember to register on the ameli website dedicated [&hellip;]","og_url":"https:\/\/www.maisondesetudiantslyon.fr\/en\/useful-informations\/","og_site_name":"Maison des \u00e9tudiants","article_modified_time":"2024-02-23T11:04:20+00:00","og_image":[{"width":5000,"height":1497,"url":"https:\/\/www.maisondesetudiantslyon.fr\/wp-content\/uploads\/sites\/29\/2019\/11\/mde-ucly-maison-saint-laurent-ext-136-1920x576.jpg","type":"image\/jpeg"}],"twitter_card":"summary_large_image","twitter_misc":{"Est. reading time":"1 minute"},"schema":{"@context":"https:\/\/schema.org","@graph":[{"@type":"WebPage","@id":"https:\/\/www.maisondesetudiantslyon.fr\/en\/useful-informations\/","url":"https:\/\/www.maisondesetudiantslyon.fr\/en\/useful-informations\/","name":"Useful informations - Maison des \u00e9tudiants","isPartOf":{"@id":"https:\/\/www.maisondesetudiantslyon.fr\/en\/#website"},"primaryImageOfPage":{"@id":"https:\/\/www.maisondesetudiantslyon.fr\/en\/useful-informations\/#primaryimage"},"image":{"@id":"https:\/\/www.maisondesetudiantslyon.fr\/en\/useful-informations\/#primaryimage"},"thumbnailUrl":"https:\/\/www.maisondesetudiantslyon.fr\/wp-content\/uploads\/sites\/29\/2019\/11\/mde-ucly-maison-saint-laurent-ext-136-1920x576.jpg","datePublished":"2019-12-05T13:15:30+00:00","dateModified":"2024-02-23T11:04:20+00:00","breadcrumb":{"@id":"https:\/\/www.maisondesetudiantslyon.fr\/en\/useful-informations\/#breadcrumb"},"inLanguage":"en-US","potentialAction":[{"@type":"ReadAction","target":["https:\/\/www.maisondesetudiantslyon.fr\/en\/useful-informations\/"]}]},{"@type":"ImageObject","inLanguage":"en-US","@id":"https:\/\/www.maisondesetudiantslyon.fr\/en\/useful-informations\/#primaryimage","url":"https:\/\/www.maisondesetudiantslyon.fr\/wp-content\/uploads\/sites\/29\/2019\/11\/mde-ucly-maison-saint-laurent-ext-136-1920x576.jpg","contentUrl":"https:\/\/www.maisondesetudiantslyon.fr\/wp-content\/uploads\/sites\/29\/2019\/11\/mde-ucly-maison-saint-laurent-ext-136-1920x576.jpg","width":5000,"height":1497},{"@type":"BreadcrumbList","@id":"https:\/\/www.maisondesetudiantslyon.fr\/en\/useful-informations\/#breadcrumb","itemListElement":[{"@type":"ListItem","position":1,"name":"Accueil","item":"https:\/\/www.maisondesetudiantslyon.fr\/en\/"},{"@type":"ListItem","position":2,"name":"Useful informations"}]},{"@type":"WebSite","@id":"https:\/\/www.maisondesetudiantslyon.fr\/en\/#website","url":"https:\/\/www.maisondesetudiantslyon.fr\/en\/","name":"Maison des \u00e9tudiants","description":"Un site utilisant Administration r\u00e9seau web UCLy","publisher":{"@id":"https:\/\/www.maisondesetudiantslyon.fr\/en\/#organization"},"potentialAction":[{"@type":"SearchAction","target":{"@type":"EntryPoint","urlTemplate":"https:\/\/www.maisondesetudiantslyon.fr\/en\/?s={search_term_string}"},"query-input":{"@type":"PropertyValueSpecification","valueRequired":true,"valueName":"search_term_string"}}],"inLanguage":"en-US"},{"@type":"Organization","@id":"https:\/\/www.maisondesetudiantslyon.fr\/en\/#organization","name":"Maison des \u00e9tudiants","url":"https:\/\/www.maisondesetudiantslyon.fr\/en\/","logo":{"@type":"ImageObject","inLanguage":"en-US","@id":"https:\/\/www.maisondesetudiantslyon.fr\/en\/#\/schema\/logo\/image\/","url":"https:\/\/www.maisondesetudiantslyon.fr\/wp-content\/uploads\/sites\/29\/2019\/11\/maisondesetudiants.svg","contentUrl":"https:\/\/www.maisondesetudiantslyon.fr\/wp-content\/uploads\/sites\/29\/2019\/11\/maisondesetudiants.svg","caption":"Maison des \u00e9tudiants"},"image":{"@id":"https:\/\/www.maisondesetudiantslyon.fr\/en\/#\/schema\/logo\/image\/"}}]}},"_links":{"self":[{"href":"https:\/\/www.maisondesetudiantslyon.fr\/en\/wp-json\/wp\/v2\/pages\/2913","targetHints":{"allow":["GET"]}}],"collection":[{"href":"https:\/\/www.maisondesetudiantslyon.fr\/en\/wp-json\/wp\/v2\/pages"}],"about":[{"href":"https:\/\/www.maisondesetudiantslyon.fr\/en\/wp-json\/wp\/v2\/types\/page"}],"author":[{"embeddable":true,"href":"https:\/\/www.maisondesetudiantslyon.fr\/en\/wp-json\/wp\/v2\/users\/77"}],"replies":[{"embeddable":true,"href":"https:\/\/www.maisondesetudiantslyon.fr\/en\/wp-json\/wp\/v2\/comments?post=2913"}],"version-history":[{"count":7,"href":"https:\/\/www.maisondesetudiantslyon.fr\/en\/wp-json\/wp\/v2\/pages\/2913\/revisions"}],"predecessor-version":[{"id":4086,"href":"https:\/\/www.maisondesetudiantslyon.fr\/en\/wp-json\/wp\/v2\/pages\/2913\/revisions\/4086"}],"wp:featuredmedia":[{"embeddable":true,"href":"https:\/\/www.maisondesetudiantslyon.fr\/en\/wp-json\/wp\/v2\/media\/1490"}],"wp:attachment":[{"href":"https:\/\/www.maisondesetudiantslyon.fr\/en\/wp-json\/wp\/v2\/media?parent=2913"}],"curies":[{"name":"wp","href":"https:\/\/api.w.org\/{rel}","templated":true}]}}